{"id":18,"date":"2017-12-29T04:05:18","date_gmt":"2017-12-29T04:05:18","guid":{"rendered":"http:\/\/demo2.drfuri.com\/baroque\/?page_id=18"},"modified":"2024-08-15T17:12:57","modified_gmt":"2024-08-15T22:12:57","slug":"projects","status":"publish","type":"page","link":"https:\/\/studioinc.co\/en\/projects\/","title":{"rendered":"Projects"},"content":{"rendered":"<div class=\"wpb-content-wrapper\"><div data-vc-full-width=\"true\" data-vc-full-width-init=\"false\" data-vc-stretch-content=\"true\" class=\"vc_row wpb_row vc_row-fluid vc_row-no-padding un-row-full-width\"><div class=\"container-fluid\"><div class=\"row\"><div class=\"wpb_column vc_column_container vc_col-sm-12\"><div class=\"vc_column-inner\"><div class=\"wpb_wrapper\"><div  class=\"ba-vs-slider3 swiper-container  title-has-bg\" id=\"ba-vsslider-69e0c61c9435a\"><div class=\"hsslider-list swiper-wrapper\"><div class=\"slider-item swiper-slide\" data-swiper-autoplay=\"3500\"><div class=\"container\"><div class=\"item-content\"><div class=\"featured-img parallax-bg\" ><img decoding=\"async\" alt=\"\" data-swiper-parallax=\"-50%\" src=\"https:\/\/studioinc.co\/wp-content\/uploads\/2019\/04\/HOTEL-GRAND-HYATT-BOGOTA-COLOMBIA-3.jpg\"><\/div><div class=\"slider-content\"><h2 class=\"title\"><a data-swiper-parallax=\"-300\" href=\"https:\/\/www.studioinc.co\/en\/portafolio\/interior-design\/hotel-grand-hyatt-2\/\" target=\"_blank\">Hotel<br>Grand Hyatt<\/a><\/h2><span class=\"subtitle\">Interior Design<\/span><div data-swiper-parallax=\"-300\" class=\"desc\">Furniture, Capitalino restaurant \nbooth, Spa make up room and\nmore<\/div><a data-swiper-parallax=\"-300\" href=\"https:\/\/www.studioinc.co\/en\/portafolio\/interior-design\/hotel-grand-hyatt-2\/\" target=\"_blank\" class=\"link\">SEE PROJECT<\/a><\/div><\/div><\/div><\/div> <div class=\"slider-item swiper-slide\" data-swiper-autoplay=\"3500\"><div class=\"container\"><div class=\"item-content\"><div class=\"featured-img parallax-bg\" ><img decoding=\"async\" alt=\"\" data-swiper-parallax=\"-50%\" src=\"https:\/\/studioinc.co\/wp-content\/uploads\/2018\/10\/proyecto-cabrera.jpg\"><\/div><div class=\"slider-content\"><h2 class=\"title\"><a data-swiper-parallax=\"-300\" href=\"https:\/\/www.studioinc.co\/en\/portafolio\/interior-design\/cabrera-en\/\" target=\"_blank\">Penthouse<br>Cabrera<\/a><\/h2><span class=\"subtitle\">Interior Design<\/span><div data-swiper-parallax=\"-300\" class=\"desc\">Glass enclosure on the\nterrace, the pergola, the\ninterior railings,\nand more<\/div><a data-swiper-parallax=\"-300\" href=\"https:\/\/www.studioinc.co\/en\/portafolio\/interior-design\/cabrera-en\/\" target=\"_blank\" class=\"link\">SEE PROJECT<\/a><\/div><\/div><\/div><\/div> <div class=\"slider-item swiper-slide\" data-swiper-autoplay=\"3500\"><div class=\"container\"><div class=\"item-content\"><div class=\"featured-img parallax-bg\" ><img decoding=\"async\" alt=\"\" data-swiper-parallax=\"-50%\" src=\"https:\/\/studioinc.co\/wp-content\/uploads\/2018\/10\/proyecto-universidad-rosario.jpg\"><\/div><div class=\"slider-content\"><h2 class=\"title\"><a data-swiper-parallax=\"-300\" href=\"https:\/\/www.studioinc.co\/en\/portafolio\/interior-design\/universidad-del-rosario-en\/\" target=\"_blank\">Universidad<br>del Rosario<\/a><\/h2><span class=\"subtitle\">Interior Design<\/span><div data-swiper-parallax=\"-300\" class=\"desc\">Glass Office Systems, \nsome pieces of furniture, \nhandrails, and more\nluxury details<\/div><a data-swiper-parallax=\"-300\" href=\"https:\/\/www.studioinc.co\/en\/portafolio\/interior-design\/universidad-del-rosario-en\/\" target=\"_blank\" class=\"link\">SEE PROJECT<\/a><\/div><\/div><\/div><\/div> <div class=\"slider-item swiper-slide\" data-swiper-autoplay=\"3500\"><div class=\"container\"><div class=\"item-content\"><div class=\"featured-img parallax-bg\" ><img decoding=\"async\" alt=\"\" data-swiper-parallax=\"-50%\" src=\"https:\/\/studioinc.co\/wp-content\/uploads\/2018\/10\/proyecto-hotel-ek.jpg\"><\/div><div class=\"slider-content\"><h2 class=\"title\"><a data-swiper-parallax=\"-300\" href=\"https:\/\/www.studioinc.co\/en\/portafolio\/interior-design\/hotel-ek-en\/\" target=\"_blank\">Hotel EK<\/a><\/h2><span class=\"subtitle\">Interior Design<\/span><div data-swiper-parallax=\"-300\" class=\"desc\">Bathroom accessories \nand tables for the rooms\nand main lobby.<\/div><a data-swiper-parallax=\"-300\" href=\"https:\/\/www.studioinc.co\/en\/portafolio\/interior-design\/hotel-ek-en\/\" target=\"_blank\" class=\"link\">SEE PROJECT<\/a><\/div><\/div><\/div><\/div><\/div><div class=\"ba-buttons\"><div class=\"ba-button-prev ba-button-white\"><i class=\"icon-arrow-up\"><\/i><\/div><div class=\"ba-button-next ba-button-white\"><i class=\"icon-arrow-down\"><\/i><\/div><\/div><\/div><\/div><\/div><\/div><\/div><\/div><\/div><div class=\"vc_row-full-width vc_clearfix\"><\/div>\n<\/div>","protected":false},"excerpt":{"rendered":"HotelGrand HyattInterior DesignFurniture, Capitalino restaurant booth, Spa make up room and moreSEE PROJECT PenthouseCabreraInterior DesignGlass enclosure on the terrace, the pergola, the interior railings, and moreSEE PROJECT Universidaddel RosarioInterior DesignGlass Office Systems, some pieces of furniture, handrails, and more luxury detailsSEE PROJECT Hotel EKInterior DesignBathroom accessories and tables for the rooms and main lobby.SEE PROJECT","protected":false},"author":1,"featured_media":0,"parent":0,"menu_order":0,"comment_status":"closed","ping_status":"closed","template":"template-homepage.php","meta":{"_joinchat":[],"footnotes":""},"class_list":["post-18","page","type-page","status-publish","hentry","no-thumb"],"yoast_head":"<!-- This site is optimized with the Yoast SEO plugin v27.2 - https:\/\/yoast.com\/product\/yoast-seo-wordpress\/ -->\n<title>Projects &#8226; Studio Inc - Design For Living | Dise\u00f1o - Mobiliario<\/title>\n<meta name=\"robots\" content=\"index, follow, max-snippet:-1, max-image-preview:large, max-video-preview:-1\" \/>\n<link rel=\"canonical\" href=\"https:\/\/studioinc.co\/en\/projects\/\" \/>\n<meta property=\"og:locale\" content=\"en_US\" \/>\n<meta property=\"og:type\" content=\"article\" \/>\n<meta property=\"og:title\" content=\"Projects &#8226; Studio Inc - Design For Living | Dise\u00f1o - Mobiliario\" \/>\n<meta property=\"og:url\" content=\"https:\/\/studioinc.co\/en\/projects\/\" \/>\n<meta property=\"og:site_name\" content=\"Studio Inc - Design For Living | Dise\u00f1o - Mobiliario\" \/>\n<meta property=\"article:publisher\" content=\"https:\/\/www.facebook.com\/StudioInc.Co\/\" \/>\n<meta property=\"article:modified_time\" content=\"2024-08-15T22:12:57+00:00\" \/>\n<meta property=\"og:image\" content=\"https:\/\/studioinc.co\/wp-content\/uploads\/2026\/02\/LOGO_STUDIO_MARCA.jpg\" \/>\n\t<meta property=\"og:image:width\" content=\"2401\" \/>\n\t<meta property=\"og:image:height\" content=\"1351\" \/>\n\t<meta property=\"og:image:type\" content=\"image\/jpeg\" \/>\n<meta name=\"twitter:card\" content=\"summary_large_image\" \/>\n<meta name=\"twitter:site\" content=\"@StudioInc1\" \/>\n<meta name=\"twitter:label1\" content=\"Est. reading time\" \/>\n\t<meta name=\"twitter:data1\" content=\"1 minute\" \/>\n<script type=\"application\/ld+json\" class=\"yoast-schema-graph\">{\"@context\":\"https:\/\/schema.org\",\"@graph\":[{\"@type\":\"WebPage\",\"@id\":\"https:\/\/studioinc.co\/en\/projects\/\",\"url\":\"https:\/\/studioinc.co\/en\/projects\/\",\"name\":\"Projects &#8226; Studio Inc - Design For Living | Dise\u00f1o - Mobiliario\",\"isPartOf\":{\"@id\":\"https:\/\/studioinc.co\/en\/#website\"},\"datePublished\":\"2017-12-29T04:05:18+00:00\",\"dateModified\":\"2024-08-15T22:12:57+00:00\",\"inLanguage\":\"en-US\",\"potentialAction\":[{\"@type\":\"ReadAction\",\"target\":[\"https:\/\/studioinc.co\/en\/projects\/\"]}]},{\"@type\":\"WebSite\",\"@id\":\"https:\/\/studioinc.co\/en\/#website\",\"url\":\"https:\/\/studioinc.co\/en\/\",\"name\":\"Studio Inc - Design For Living | Dise\u00f1o - Mobiliario\",\"description\":\"Dise\u00f1o y mobiliario para espacios arquitect\u00f3nicos \u00fanicos.\",\"publisher\":{\"@id\":\"https:\/\/studioinc.co\/en\/#organization\"},\"potentialAction\":[{\"@type\":\"SearchAction\",\"target\":{\"@type\":\"EntryPoint\",\"urlTemplate\":\"https:\/\/studioinc.co\/en\/?s={search_term_string}\"},\"query-input\":{\"@type\":\"PropertyValueSpecification\",\"valueRequired\":true,\"valueName\":\"search_term_string\"}}],\"inLanguage\":\"en-US\"},{\"@type\":\"Organization\",\"@id\":\"https:\/\/studioinc.co\/en\/#organization\",\"name\":\"Studio Inc - Design For Living | Dise\u00f1o - Mobiliario\",\"url\":\"https:\/\/studioinc.co\/en\/\",\"logo\":{\"@type\":\"ImageObject\",\"inLanguage\":\"en-US\",\"@id\":\"https:\/\/studioinc.co\/en\/#\/schema\/logo\/image\/\",\"url\":\"https:\/\/studioinc.co\/wp-content\/uploads\/2025\/11\/Studio_Inc.png\",\"contentUrl\":\"https:\/\/studioinc.co\/wp-content\/uploads\/2025\/11\/Studio_Inc.png\",\"width\":512,\"height\":512,\"caption\":\"Studio Inc - Design For Living | Dise\u00f1o - Mobiliario\"},\"image\":{\"@id\":\"https:\/\/studioinc.co\/en\/#\/schema\/logo\/image\/\"},\"sameAs\":[\"https:\/\/www.facebook.com\/StudioInc.Co\/\",\"https:\/\/x.com\/StudioInc1\",\"https:\/\/www.instagram.com\/studioinc.design\/\"]}]}<\/script>\n<!-- \/ Yoast SEO plugin. -->","yoast_head_json":{"title":"Projects &#8226; Studio Inc - Design For Living | Dise\u00f1o - Mobiliario","robots":{"index":"index","follow":"follow","max-snippet":"max-snippet:-1","max-image-preview":"max-image-preview:large","max-video-preview":"max-video-preview:-1"},"canonical":"https:\/\/studioinc.co\/en\/projects\/","og_locale":"en_US","og_type":"article","og_title":"Projects &#8226; Studio Inc - Design For Living | Dise\u00f1o - Mobiliario","og_url":"https:\/\/studioinc.co\/en\/projects\/","og_site_name":"Studio Inc - Design For Living | Dise\u00f1o - Mobiliario","article_publisher":"https:\/\/www.facebook.com\/StudioInc.Co\/","article_modified_time":"2024-08-15T22:12:57+00:00","og_image":[{"width":2401,"height":1351,"url":"https:\/\/studioinc.co\/wp-content\/uploads\/2026\/02\/LOGO_STUDIO_MARCA.jpg","type":"image\/jpeg"}],"twitter_card":"summary_large_image","twitter_site":"@StudioInc1","twitter_misc":{"Est. reading time":"1 minute"},"schema":{"@context":"https:\/\/schema.org","@graph":[{"@type":"WebPage","@id":"https:\/\/studioinc.co\/en\/projects\/","url":"https:\/\/studioinc.co\/en\/projects\/","name":"Projects &#8226; Studio Inc - Design For Living | Dise\u00f1o - Mobiliario","isPartOf":{"@id":"https:\/\/studioinc.co\/en\/#website"},"datePublished":"2017-12-29T04:05:18+00:00","dateModified":"2024-08-15T22:12:57+00:00","inLanguage":"en-US","potentialAction":[{"@type":"ReadAction","target":["https:\/\/studioinc.co\/en\/projects\/"]}]},{"@type":"WebSite","@id":"https:\/\/studioinc.co\/en\/#website","url":"https:\/\/studioinc.co\/en\/","name":"Studio Inc - Design For Living | Dise\u00f1o - Mobiliario","description":"Dise\u00f1o y mobiliario para espacios arquitect\u00f3nicos \u00fanicos.","publisher":{"@id":"https:\/\/studioinc.co\/en\/#organization"},"potentialAction":[{"@type":"SearchAction","target":{"@type":"EntryPoint","urlTemplate":"https:\/\/studioinc.co\/en\/?s={search_term_string}"},"query-input":{"@type":"PropertyValueSpecification","valueRequired":true,"valueName":"search_term_string"}}],"inLanguage":"en-US"},{"@type":"Organization","@id":"https:\/\/studioinc.co\/en\/#organization","name":"Studio Inc - Design For Living | Dise\u00f1o - Mobiliario","url":"https:\/\/studioinc.co\/en\/","logo":{"@type":"ImageObject","inLanguage":"en-US","@id":"https:\/\/studioinc.co\/en\/#\/schema\/logo\/image\/","url":"https:\/\/studioinc.co\/wp-content\/uploads\/2025\/11\/Studio_Inc.png","contentUrl":"https:\/\/studioinc.co\/wp-content\/uploads\/2025\/11\/Studio_Inc.png","width":512,"height":512,"caption":"Studio Inc - Design For Living | Dise\u00f1o - Mobiliario"},"image":{"@id":"https:\/\/studioinc.co\/en\/#\/schema\/logo\/image\/"},"sameAs":["https:\/\/www.facebook.com\/StudioInc.Co\/","https:\/\/x.com\/StudioInc1","https:\/\/www.instagram.com\/studioinc.design\/"]}]}},"_links":{"self":[{"href":"https:\/\/studioinc.co\/en\/wp-json\/wp\/v2\/pages\/18","targetHints":{"allow":["GET"]}}],"collection":[{"href":"https:\/\/studioinc.co\/en\/wp-json\/wp\/v2\/pages"}],"about":[{"href":"https:\/\/studioinc.co\/en\/wp-json\/wp\/v2\/types\/page"}],"author":[{"embeddable":true,"href":"https:\/\/studioinc.co\/en\/wp-json\/wp\/v2\/users\/1"}],"replies":[{"embeddable":true,"href":"https:\/\/studioinc.co\/en\/wp-json\/wp\/v2\/comments?post=18"}],"version-history":[{"count":1,"href":"https:\/\/studioinc.co\/en\/wp-json\/wp\/v2\/pages\/18\/revisions"}],"predecessor-version":[{"id":3263,"href":"https:\/\/studioinc.co\/en\/wp-json\/wp\/v2\/pages\/18\/revisions\/3263"}],"wp:attachment":[{"href":"https:\/\/studioinc.co\/en\/wp-json\/wp\/v2\/media?parent=18"}],"curies":[{"name":"wp","href":"https:\/\/api.w.org\/{rel}","templated":true}]}}