{"id":2445,"date":"2018-10-22T07:12:06","date_gmt":"2018-10-22T12:12:06","guid":{"rendered":"http:\/\/studioinc.co\/?page_id=2445"},"modified":"2019-02-06T10:30:49","modified_gmt":"2019-02-06T15:30:49","slug":"complements","status":"publish","type":"page","link":"https:\/\/studioinc.co\/en\/product\/complements\/","title":{"rendered":"Complements"},"content":{"rendered":"<div class=\"wpb-content-wrapper\"><div class=\"vc_row wpb_row vc_row-fluid\"><div class=\"container\"><div class=\"row\"><div class=\"wpb_column vc_column_container vc_col-sm-12 vc_col-lg-offset-2 vc_col-lg-8 vc_col-md-offset-2 vc_col-md-8\"><div class=\"vc_column-inner\"><div class=\"wpb_wrapper\">\n\t<div class=\"wpb_text_column wpb_content_element\" >\n\t\t<div class=\"wpb_wrapper\">\n\t\t\t<p style=\"text-align: center; font-size: 18px;\">through design and materials, STUDIO INC pieces create sublime connections in spaces<\/p>\n\n\t\t<\/div>\n\t<\/div>\n<div class=\"ba-empty-space\" style=\"\"><div class=\"ba_empty_space_lg\"  style=\"height: 120px\"><\/div><div class=\"ba_empty_space_md\"  style=\"height: 120px\"><\/div><div class=\"ba_empty_space_xs\"  style=\"height: 120px\"><\/div><\/div><\/div><\/div><\/div><\/div><\/div><\/div><div data-vc-full-width=\"true\" data-vc-full-width-init=\"false\" data-vc-stretch-content=\"true\" class=\"vc_row wpb_row vc_row-fluid un-row-full-width\"><div class=\"container-fluid\"><div class=\"row\"><div class=\"wpb_column vc_column_container vc_col-sm-12\"><div class=\"vc_column-inner\"><div class=\"wpb_wrapper\">\n<div class=\"vc_grid-container-wrapper vc_clearfix vc_grid-animation-fadeIn\">\n\t<div class=\"vc_grid-container vc_clearfix wpb_content_element vc_masonry_media_grid\" data-initial-loading-animation=\"fadeIn\" data-vc-grid-settings=\"{&quot;page_id&quot;:2445,&quot;style&quot;:&quot;load-more-masonry&quot;,&quot;action&quot;:&quot;vc_get_vc_grid_data&quot;,&quot;shortcode_id&quot;:&quot;1549467011515-d28eb48a-2620-10&quot;,&quot;items_per_page&quot;:&quot;12&quot;,&quot;btn_data&quot;:{&quot;title&quot;:&quot;VER M\\u00c1S&quot;,&quot;style&quot;:&quot;modern&quot;,&quot;gradient_color_1&quot;:&quot;&quot;,&quot;gradient_color_2&quot;:&quot;&quot;,&quot;gradient_custom_color_1&quot;:&quot;&quot;,&quot;gradient_custom_color_2&quot;:&quot;&quot;,&quot;gradient_text_color&quot;:&quot;&quot;,&quot;custom_background&quot;:&quot;#ededed&quot;,&quot;custom_text&quot;:&quot;#666&quot;,&quot;outline_custom_color&quot;:&quot;#666&quot;,&quot;outline_custom_hover_background&quot;:&quot;#666&quot;,&quot;outline_custom_hover_text&quot;:&quot;#fff&quot;,&quot;shape&quot;:&quot;round&quot;,&quot;color&quot;:&quot;grey&quot;,&quot;size&quot;:&quot;lg&quot;,&quot;align&quot;:&quot;center&quot;,&quot;button_block&quot;:&quot;&quot;,&quot;add_icon&quot;:&quot;&quot;,&quot;i_align&quot;:&quot;left&quot;,&quot;i_type&quot;:&quot;fontawesome&quot;,&quot;i_icon_fontawesome&quot;:&quot;fas fa-adjust&quot;,&quot;i_icon_openiconic&quot;:&quot;vc-oi vc-oi-dial&quot;,&quot;i_icon_typicons&quot;:&quot;typcn typcn-adjust-brightness&quot;,&quot;i_icon_entypo&quot;:&quot;entypo-icon entypo-icon-note&quot;,&quot;i_icon_linecons&quot;:&quot;vc_li vc_li-heart&quot;,&quot;i_icon_monosocial&quot;:&quot;&quot;,&quot;i_icon_material&quot;:&quot;&quot;,&quot;i_icon_pixelicons&quot;:&quot;vc_pixel_icon vc_pixel_icon-alert&quot;,&quot;el_id&quot;:&quot;&quot;,&quot;custom_onclick&quot;:&quot;&quot;,&quot;custom_onclick_code&quot;:&quot;&quot;},&quot;tag&quot;:&quot;vc_masonry_media_grid&quot;}\" data-vc-request=\"https:\/\/studioinc.co\/wp-admin\/admin-ajax.php\" data-vc-post-id=\"2445\" data-vc-public-nonce=\"00eafc3876\">\n\t\t\n\t<\/div>\n<\/div><div class=\"ba-empty-space\" style=\"\"><div class=\"ba_empty_space_lg\"  style=\"height: 60px\"><\/div><div class=\"ba_empty_space_md\"  style=\"height: 60px\"><\/div><div class=\"ba_empty_space_xs\"  style=\"height: 60px\"><\/div><\/div><\/div><\/div><\/div><\/div><\/div><\/div><div class=\"vc_row-full-width vc_clearfix\"><\/div>\n<\/div>","protected":false},"excerpt":{"rendered":"through design and materials, STUDIO INC pieces create sublime connections in spaces","protected":false},"author":1,"featured_media":0,"parent":2451,"menu_order":0,"comment_status":"closed","ping_status":"closed","template":"template-fullwidth.php","meta":{"_joinchat":[],"footnotes":""},"class_list":["post-2445","page","type-page","status-publish","hentry","no-thumb"],"yoast_head":"<!-- This site is optimized with the Yoast SEO plugin v27.2 - https:\/\/yoast.com\/product\/yoast-seo-wordpress\/ -->\n<title>Complements &#8226; Studio Inc - Design For Living | Dise\u00f1o - Mobiliario<\/title>\n<meta name=\"robots\" content=\"index, follow, max-snippet:-1, max-image-preview:large, max-video-preview:-1\" \/>\n<link rel=\"canonical\" href=\"https:\/\/studioinc.co\/en\/product\/complements\/\" \/>\n<meta property=\"og:locale\" content=\"en_US\" \/>\n<meta property=\"og:type\" content=\"article\" \/>\n<meta property=\"og:title\" content=\"Complements &#8226; Studio Inc - Design For Living | Dise\u00f1o - Mobiliario\" \/>\n<meta property=\"og:url\" content=\"https:\/\/studioinc.co\/en\/product\/complements\/\" \/>\n<meta property=\"og:site_name\" content=\"Studio Inc - Design For Living | Dise\u00f1o - Mobiliario\" \/>\n<meta property=\"article:publisher\" content=\"https:\/\/www.facebook.com\/StudioInc.Co\/\" \/>\n<meta property=\"article:modified_time\" content=\"2019-02-06T15:30:49+00:00\" \/>\n<meta property=\"og:image\" content=\"https:\/\/studioinc.co\/wp-content\/uploads\/2026\/02\/LOGO_STUDIO_MARCA.jpg\" \/>\n\t<meta property=\"og:image:width\" content=\"2401\" \/>\n\t<meta property=\"og:image:height\" content=\"1351\" \/>\n\t<meta property=\"og:image:type\" content=\"image\/jpeg\" \/>\n<meta name=\"twitter:card\" content=\"summary_large_image\" \/>\n<meta name=\"twitter:site\" content=\"@StudioInc1\" \/>\n<meta name=\"twitter:label1\" content=\"Est. reading time\" \/>\n\t<meta name=\"twitter:data1\" content=\"1 minute\" \/>\n<script type=\"application\/ld+json\" class=\"yoast-schema-graph\">{\"@context\":\"https:\/\/schema.org\",\"@graph\":[{\"@type\":\"WebPage\",\"@id\":\"https:\/\/studioinc.co\/en\/product\/complements\/\",\"url\":\"https:\/\/studioinc.co\/en\/product\/complements\/\",\"name\":\"Complements &#8226; Studio Inc - Design For Living | Dise\u00f1o - Mobiliario\",\"isPartOf\":{\"@id\":\"https:\/\/studioinc.co\/en\/#website\"},\"datePublished\":\"2018-10-22T12:12:06+00:00\",\"dateModified\":\"2019-02-06T15:30:49+00:00\",\"breadcrumb\":{\"@id\":\"https:\/\/studioinc.co\/en\/product\/complements\/#breadcrumb\"},\"inLanguage\":\"en-US\",\"potentialAction\":[{\"@type\":\"ReadAction\",\"target\":[\"https:\/\/studioinc.co\/en\/product\/complements\/\"]}]},{\"@type\":\"BreadcrumbList\",\"@id\":\"https:\/\/studioinc.co\/en\/product\/complements\/#breadcrumb\",\"itemListElement\":[{\"@type\":\"ListItem\",\"position\":1,\"name\":\"Product\",\"item\":\"https:\/\/studioinc.co\/en\/product\/\"},{\"@type\":\"ListItem\",\"position\":2,\"name\":\"Complements\"}]},{\"@type\":\"WebSite\",\"@id\":\"https:\/\/studioinc.co\/en\/#website\",\"url\":\"https:\/\/studioinc.co\/en\/\",\"name\":\"Studio Inc - Design For Living | Dise\u00f1o - Mobiliario\",\"description\":\"Dise\u00f1o y mobiliario para espacios arquitect\u00f3nicos \u00fanicos.\",\"publisher\":{\"@id\":\"https:\/\/studioinc.co\/en\/#organization\"},\"potentialAction\":[{\"@type\":\"SearchAction\",\"target\":{\"@type\":\"EntryPoint\",\"urlTemplate\":\"https:\/\/studioinc.co\/en\/?s={search_term_string}\"},\"query-input\":{\"@type\":\"PropertyValueSpecification\",\"valueRequired\":true,\"valueName\":\"search_term_string\"}}],\"inLanguage\":\"en-US\"},{\"@type\":\"Organization\",\"@id\":\"https:\/\/studioinc.co\/en\/#organization\",\"name\":\"Studio Inc - Design For Living | Dise\u00f1o - Mobiliario\",\"url\":\"https:\/\/studioinc.co\/en\/\",\"logo\":{\"@type\":\"ImageObject\",\"inLanguage\":\"en-US\",\"@id\":\"https:\/\/studioinc.co\/en\/#\/schema\/logo\/image\/\",\"url\":\"https:\/\/studioinc.co\/wp-content\/uploads\/2025\/11\/Studio_Inc.png\",\"contentUrl\":\"https:\/\/studioinc.co\/wp-content\/uploads\/2025\/11\/Studio_Inc.png\",\"width\":512,\"height\":512,\"caption\":\"Studio Inc - Design For Living | Dise\u00f1o - Mobiliario\"},\"image\":{\"@id\":\"https:\/\/studioinc.co\/en\/#\/schema\/logo\/image\/\"},\"sameAs\":[\"https:\/\/www.facebook.com\/StudioInc.Co\/\",\"https:\/\/x.com\/StudioInc1\",\"https:\/\/www.instagram.com\/studioinc.design\/\"]}]}<\/script>\n<!-- \/ Yoast SEO plugin. -->","yoast_head_json":{"title":"Complements &#8226; Studio Inc - Design For Living | Dise\u00f1o - Mobiliario","robots":{"index":"index","follow":"follow","max-snippet":"max-snippet:-1","max-image-preview":"max-image-preview:large","max-video-preview":"max-video-preview:-1"},"canonical":"https:\/\/studioinc.co\/en\/product\/complements\/","og_locale":"en_US","og_type":"article","og_title":"Complements &#8226; Studio Inc - Design For Living | Dise\u00f1o - Mobiliario","og_url":"https:\/\/studioinc.co\/en\/product\/complements\/","og_site_name":"Studio Inc - Design For Living | Dise\u00f1o - Mobiliario","article_publisher":"https:\/\/www.facebook.com\/StudioInc.Co\/","article_modified_time":"2019-02-06T15:30:49+00:00","og_image":[{"width":2401,"height":1351,"url":"https:\/\/studioinc.co\/wp-content\/uploads\/2026\/02\/LOGO_STUDIO_MARCA.jpg","type":"image\/jpeg"}],"twitter_card":"summary_large_image","twitter_site":"@StudioInc1","twitter_misc":{"Est. reading time":"1 minute"},"schema":{"@context":"https:\/\/schema.org","@graph":[{"@type":"WebPage","@id":"https:\/\/studioinc.co\/en\/product\/complements\/","url":"https:\/\/studioinc.co\/en\/product\/complements\/","name":"Complements &#8226; Studio Inc - Design For Living | Dise\u00f1o - Mobiliario","isPartOf":{"@id":"https:\/\/studioinc.co\/en\/#website"},"datePublished":"2018-10-22T12:12:06+00:00","dateModified":"2019-02-06T15:30:49+00:00","breadcrumb":{"@id":"https:\/\/studioinc.co\/en\/product\/complements\/#breadcrumb"},"inLanguage":"en-US","potentialAction":[{"@type":"ReadAction","target":["https:\/\/studioinc.co\/en\/product\/complements\/"]}]},{"@type":"BreadcrumbList","@id":"https:\/\/studioinc.co\/en\/product\/complements\/#breadcrumb","itemListElement":[{"@type":"ListItem","position":1,"name":"Product","item":"https:\/\/studioinc.co\/en\/product\/"},{"@type":"ListItem","position":2,"name":"Complements"}]},{"@type":"WebSite","@id":"https:\/\/studioinc.co\/en\/#website","url":"https:\/\/studioinc.co\/en\/","name":"Studio Inc - Design For Living | Dise\u00f1o - Mobiliario","description":"Dise\u00f1o y mobiliario para espacios arquitect\u00f3nicos \u00fanicos.","publisher":{"@id":"https:\/\/studioinc.co\/en\/#organization"},"potentialAction":[{"@type":"SearchAction","target":{"@type":"EntryPoint","urlTemplate":"https:\/\/studioinc.co\/en\/?s={search_term_string}"},"query-input":{"@type":"PropertyValueSpecification","valueRequired":true,"valueName":"search_term_string"}}],"inLanguage":"en-US"},{"@type":"Organization","@id":"https:\/\/studioinc.co\/en\/#organization","name":"Studio Inc - Design For Living | Dise\u00f1o - Mobiliario","url":"https:\/\/studioinc.co\/en\/","logo":{"@type":"ImageObject","inLanguage":"en-US","@id":"https:\/\/studioinc.co\/en\/#\/schema\/logo\/image\/","url":"https:\/\/studioinc.co\/wp-content\/uploads\/2025\/11\/Studio_Inc.png","contentUrl":"https:\/\/studioinc.co\/wp-content\/uploads\/2025\/11\/Studio_Inc.png","width":512,"height":512,"caption":"Studio Inc - Design For Living | Dise\u00f1o - Mobiliario"},"image":{"@id":"https:\/\/studioinc.co\/en\/#\/schema\/logo\/image\/"},"sameAs":["https:\/\/www.facebook.com\/StudioInc.Co\/","https:\/\/x.com\/StudioInc1","https:\/\/www.instagram.com\/studioinc.design\/"]}]}},"_links":{"self":[{"href":"https:\/\/studioinc.co\/en\/wp-json\/wp\/v2\/pages\/2445","targetHints":{"allow":["GET"]}}],"collection":[{"href":"https:\/\/studioinc.co\/en\/wp-json\/wp\/v2\/pages"}],"about":[{"href":"https:\/\/studioinc.co\/en\/wp-json\/wp\/v2\/types\/page"}],"author":[{"embeddable":true,"href":"https:\/\/studioinc.co\/en\/wp-json\/wp\/v2\/users\/1"}],"replies":[{"embeddable":true,"href":"https:\/\/studioinc.co\/en\/wp-json\/wp\/v2\/comments?post=2445"}],"version-history":[{"count":0,"href":"https:\/\/studioinc.co\/en\/wp-json\/wp\/v2\/pages\/2445\/revisions"}],"up":[{"embeddable":true,"href":"https:\/\/studioinc.co\/en\/wp-json\/wp\/v2\/pages\/2451"}],"wp:attachment":[{"href":"https:\/\/studioinc.co\/en\/wp-json\/wp\/v2\/media?parent=2445"}],"curies":[{"name":"wp","href":"https:\/\/api.w.org\/{rel}","templated":true}]}}