{"id":2458,"date":"2018-10-22T07:27:08","date_gmt":"2018-10-22T12:27:08","guid":{"rendered":"http:\/\/studioinc.co\/?page_id=2458"},"modified":"2025-08-29T15:04:12","modified_gmt":"2025-08-29T20:04:12","slug":"home","status":"publish","type":"page","link":"https:\/\/studioinc.co\/en\/","title":{"rendered":"Home"},"content":{"rendered":"<div class=\"wpb-content-wrapper\"><div data-vc-full-width=\"true\" data-vc-full-width-init=\"false\" data-vc-stretch-content=\"true\" class=\"vc_row wpb_row vc_row-fluid vc_row-no-padding un-row-full-width\"><div class=\"container-fluid\"><div class=\"row\"><div class=\"wpb_column vc_column_container vc_col-sm-12\"><div class=\"vc_column-inner\"><div class=\"wpb_wrapper\"><div class=\"wpb_revslider_element wpb_content_element\">\n\t\t\t<!-- START Home REVOLUTION SLIDER 6.7.17 --><p class=\"rs-p-wp-fix\"><\/p>\n\t\t\t<rs-module-wrap id=\"rev_slider_7_1_wrapper\" data-source=\"gallery\" style=\"visibility:hidden;background:transparent;padding:0;\">\n\t\t\t\t<rs-module id=\"rev_slider_7_1\" style=\"\" data-version=\"6.7.17\">\n\t\t\t\t\t<rs-slides style=\"overflow: hidden; position: absolute;\">\n\t\t\t\t\t\t<rs-slide style=\"position: absolute;\" data-key=\"rs-29\" data-title=\"Studio Inc\" data-thumb=\"\/\/studioinc.co\/wp-content\/uploads\/revslider\/home-parallax\/slide-parallax-5.jpg\" data-duration=\"3000\" data-anim=\"adpr:false;\" data-in=\"o:0;\" data-out=\"a:false;\" data-color=\"header-light\"  data-p1=\"03.\">\n\t\t\t\t\t\t\t<img decoding=\"async\" src=\"\/\/studioinc.co\/wp-content\/plugins\/revslider\/sr6\/assets\/assets\/dummy.png\" alt=\"Studio Inc\" title=\"Home\" class=\"rev-slidebg tp-rs-img rs-lazyload\" data-lazyload=\"\/\/studioinc.co\/wp-content\/plugins\/revslider\/sr6\/assets\/assets\/transparent.png\" data-bg=\"c:#ffffff;\" data-no-retina>\n<!--\n\t\t\t\t\t\t\t--><rs-layer\n\t\t\t\t\t\t\t\tid=\"slider-7-slide-29-layer-15\" \n\t\t\t\t\t\t\t\tdata-type=\"image\"\n\t\t\t\t\t\t\t\tdata-rsp_ch=\"on\"\n\t\t\t\t\t\t\t\tdata-xy=\"x:c;y:m;yo:-53px,-48px,-48px,-38px;\"\n\t\t\t\t\t\t\t\tdata-text=\"l:22;a:inherit;\"\n\t\t\t\t\t\t\t\tdata-dim=\"w:680px,550px,550px,380px;h:136px,110px,110px,76;\"\n\t\t\t\t\t\t\t\tdata-frame_0=\"y:-20px;\"\n\t\t\t\t\t\t\t\tdata-frame_1=\"e:power2.inOut;st:200;sp:1500;sR:200;\"\n\t\t\t\t\t\t\t\tdata-frame_999=\"y:-20px;o:0;st:w;sp:500;sR:1300;\"\n\t\t\t\t\t\t\t\tstyle=\"z-index:5;\"\n\t\t\t\t\t\t\t><img decoding=\"async\" src=\"\/\/studioinc.co\/wp-content\/plugins\/revslider\/sr6\/assets\/assets\/dummy.png\" alt=\"\" class=\"tp-rs-img rs-lazyload\" width=\"950\" height=\"190\" data-lazyload=\"\/\/studioinc.co\/wp-content\/uploads\/2018\/10\/logo-studio-inc-full.png\" data-no-retina> \n\t\t\t\t\t\t\t<\/rs-layer><!--\n\n\t\t\t\t\t\t\t--><rs-layer\n\t\t\t\t\t\t\t\tid=\"slider-7-slide-29-layer-17\" \n\t\t\t\t\t\t\t\tdata-type=\"image\"\n\t\t\t\t\t\t\t\tdata-rsp_ch=\"on\"\n\t\t\t\t\t\t\t\tdata-xy=\"x:c;y:m;yo:63px,48px,48px,38px;\"\n\t\t\t\t\t\t\t\tdata-text=\"l:22;a:inherit;\"\n\t\t\t\t\t\t\t\tdata-dim=\"w:471px,380px,380px,260px;h:61px,49px,49px,34;\"\n\t\t\t\t\t\t\t\tdata-frame_0=\"y:10px;\"\n\t\t\t\t\t\t\t\tdata-frame_1=\"e:power2.inOut;st:750;sp:1000;sR:750;\"\n\t\t\t\t\t\t\t\tdata-frame_999=\"y:10px;o:0;st:w;sp:500;sR:1250;\"\n\t\t\t\t\t\t\t\tstyle=\"z-index:6;\"\n\t\t\t\t\t\t\t><img decoding=\"async\" src=\"\/\/studioinc.co\/wp-content\/plugins\/revslider\/sr6\/assets\/assets\/dummy.png\" alt=\"\" class=\"tp-rs-img rs-lazyload\" width=\"900\" height=\"116\" data-lazyload=\"\/\/studioinc.co\/wp-content\/uploads\/2018\/10\/slogan-studio-inc.png\" data-no-retina> \n\t\t\t\t\t\t\t<\/rs-layer><!--\n-->\t\t\t\t\t<\/rs-slide>\n\t\t\t\t\t\t<rs-slide style=\"position: absolute;\" data-key=\"rs-31\" data-title=\"Mobiliario\" data-thumb=\"\/\/studioinc.co\/wp-content\/uploads\/2018\/10\/bg-slider-perchero-100x50.jpg\" data-link=\"\/\/studioinc.co\/en\/product\/\" data-tag=\"l\" data-target=\"_self\" data-seoz=\"front\" data-duration=\"5000\" data-anim=\"adpr:false;\" data-in=\"o:0;\" data-out=\"a:false;\" data-color=\"header-dark\"  data-p1=\"01.\">\n\t\t\t\t\t\t\t<img decoding=\"async\" src=\"\/\/studioinc.co\/wp-content\/plugins\/revslider\/sr6\/assets\/assets\/dummy.png\" alt=\"\" title=\"Home\" class=\"rev-slidebg tp-rs-img rs-lazyload\" data-lazyload=\"\/\/studioinc.co\/wp-content\/uploads\/2018\/10\/bg-slider-perchero.jpg\" data-bg=\"p:53% 50%;\" data-no-retina>\n<!--\n\t\t\t\t\t\t\t--><rs-layer\n\t\t\t\t\t\t\t\tid=\"slider-7-slide-31-layer-2\" \n\t\t\t\t\t\t\t\tdata-type=\"text\"\n\t\t\t\t\t\t\t\tdata-color=\"#000000\"\n\t\t\t\t\t\t\t\tdata-rsp_ch=\"on\"\n\t\t\t\t\t\t\t\tdata-xy=\"xo:115px,35px,35px,30px;yo:525px,390px,390px,230px;\"\n\t\t\t\t\t\t\t\tdata-text=\"s:24,24,24,18;l:28,28,28,18;a:inherit;\"\n\t\t\t\t\t\t\t\tdata-frame_0=\"y:-50px;\"\n\t\t\t\t\t\t\t\tdata-frame_1=\"st:400;sp:500;sR:400;\"\n\t\t\t\t\t\t\t\tdata-frame_999=\"y:-50px;o:0;st:w;sp:500;sR:4100;\"\n\t\t\t\t\t\t\t\tstyle=\"z-index:5;font-family:'Work Sans';\"\n\t\t\t\t\t\t\t>Furniture \n\t\t\t\t\t\t\t<\/rs-layer><!--\n\n\t\t\t\t\t\t\t--><rs-layer\n\t\t\t\t\t\t\t\tid=\"slider-7-slide-31-layer-3\" \n\t\t\t\t\t\t\t\tdata-type=\"text\"\n\t\t\t\t\t\t\t\tdata-color=\"#000000\"\n\t\t\t\t\t\t\t\tdata-rsp_ch=\"on\"\n\t\t\t\t\t\t\t\tdata-xy=\"xo:110px,30px,30px,30px;yo:585px,448px,448px,280px;\"\n\t\t\t\t\t\t\t\tdata-text=\"s:110,84,84,48;l:110,84,84,48;fw:700;a:inherit;\"\n\t\t\t\t\t\t\t\tdata-frame_0=\"x:-50px;\"\n\t\t\t\t\t\t\t\tdata-frame_1=\"st:200;sp:500;sR:200;\"\n\t\t\t\t\t\t\t\tdata-frame_999=\"x:-50px;o:0;st:w;sp:500;sR:4300;\"\n\t\t\t\t\t\t\t\tstyle=\"z-index:6;font-family:'PT Sans';\"\n\t\t\t\t\t\t\t>PRODUCT \n\t\t\t\t\t\t\t<\/rs-layer><!--\n\n\t\t\t\t\t\t\t--><a\n\t\t\t\t\t\t\t\tid=\"slider-7-slide-31-layer-4\" \n\t\t\t\t\t\t\t\tclass=\"rs-layer\"\n\t\t\t\t\t\t\t\thref=\"http:\/\/studioinc.co\/en\/furniture\/\" target=\"_self\"\n\t\t\t\t\t\t\t\tdata-type=\"text\"\n\t\t\t\t\t\t\t\tdata-color=\"#000000\"\n\t\t\t\t\t\t\t\tdata-rsp_ch=\"on\"\n\t\t\t\t\t\t\t\tdata-xy=\"xo:115px,35px,35px,30px;yo:730px,650px,650px,495px;\"\n\t\t\t\t\t\t\t\tdata-text=\"s:24,24,24,18;l:28,28,28,18;fw:600;a:inherit;\"\n\t\t\t\t\t\t\t\tdata-frame_0=\"y:50px;\"\n\t\t\t\t\t\t\t\tdata-frame_1=\"st:400;sp:500;sR:400;\"\n\t\t\t\t\t\t\t\tdata-frame_999=\"y:50px;o:0;st:w;sp:500;sR:4100;\"\n\t\t\t\t\t\t\t\tstyle=\"z-index:7;font-family:'Work Sans';\"\n\t\t\t\t\t\t\t>View more <i class=\"icon-chevron-right\" style=\"display: inline-block; transform: translateY(2px);\"><\/i> \n\t\t\t\t\t\t\t<\/a><!--\n\n\t\t\t\t\t\t\t--><rs-layer\n\t\t\t\t\t\t\t\tid=\"slider-7-slide-31-layer-6\" \n\t\t\t\t\t\t\t\tdata-type=\"text\"\n\t\t\t\t\t\t\t\tdata-color=\"#000000\"\n\t\t\t\t\t\t\t\tdata-rsp_ch=\"on\"\n\t\t\t\t\t\t\t\tdata-xy=\"x:r,r,r,l;xo:140px,90px,90px,30px;yo:775px,620px,620px,410px;\"\n\t\t\t\t\t\t\t\tdata-text=\"s:72,64,64,48;l:72,64,64,48;fw:600;a:inherit;\"\n\t\t\t\t\t\t\t\tdata-frame_0=\"x:50px;\"\n\t\t\t\t\t\t\t\tdata-frame_1=\"st:200;sp:500;sR:200;\"\n\t\t\t\t\t\t\t\tdata-frame_999=\"x:50px;o:0;st:w;sp:500;sR:4300;\"\n\t\t\t\t\t\t\t\tstyle=\"z-index:8;font-family:'Work Sans';\"\n\t\t\t\t\t\t\t>02 \n\t\t\t\t\t\t\t<\/rs-layer><!--\n\n\t\t\t\t\t\t\t--><rs-layer\n\t\t\t\t\t\t\t\tid=\"slider-7-slide-31-layer-7\" \n\t\t\t\t\t\t\t\tdata-type=\"text\"\n\t\t\t\t\t\t\t\tdata-color=\"#000000\"\n\t\t\t\t\t\t\t\tdata-rsp_ch=\"on\"\n\t\t\t\t\t\t\t\tdata-xy=\"x:r,r,r,l;xo:105px,60px,60px,90px;yo:775px,620px,620px,410px;\"\n\t\t\t\t\t\t\t\tdata-text=\"s:72,64,64,48;l:72,64,64,48;a:inherit;\"\n\t\t\t\t\t\t\t\tdata-frame_0=\"x:50px;\"\n\t\t\t\t\t\t\t\tdata-frame_1=\"st:200;sp:500;sR:200;\"\n\t\t\t\t\t\t\t\tdata-frame_999=\"x:50px;o:0;st:w;sp:500;sR:4300;\"\n\t\t\t\t\t\t\t\tstyle=\"z-index:9;font-family:'Work Sans';\"\n\t\t\t\t\t\t\t>\/ \n\t\t\t\t\t\t\t<\/rs-layer><!--\n\n\t\t\t\t\t\t\t--><rs-layer\n\t\t\t\t\t\t\t\tid=\"slider-7-slide-31-layer-8\" \n\t\t\t\t\t\t\t\tdata-type=\"text\"\n\t\t\t\t\t\t\t\tdata-color=\"#000000\"\n\t\t\t\t\t\t\t\tdata-rsp_ch=\"on\"\n\t\t\t\t\t\t\t\tdata-xy=\"x:r,r,r,l;xo:66px,25px,25px,110px;yo:785px,628px,628px,418px;\"\n\t\t\t\t\t\t\t\tdata-text=\"s:30,30,30,24;l:30,30,30,24;a:inherit;\"\n\t\t\t\t\t\t\t\tdata-frame_0=\"x:50px;\"\n\t\t\t\t\t\t\t\tdata-frame_1=\"st:200;sp:500;sR:200;\"\n\t\t\t\t\t\t\t\tdata-frame_999=\"x:50px;o:0;st:w;sp:500;sR:4300;\"\n\t\t\t\t\t\t\t\tstyle=\"z-index:10;font-family:'Work Sans';\"\n\t\t\t\t\t\t\t>04 \n\t\t\t\t\t\t\t<\/rs-layer><!--\n-->\t\t\t\t\t<\/rs-slide>\n\t\t\t\t\t\t<rs-slide style=\"position: absolute;\" data-key=\"rs-30\" data-title=\"Divisiones Oficina\" data-thumb=\"\/\/studioinc.co\/wp-content\/uploads\/2025\/09\/1-100x50.png\" data-duration=\"5000\" data-anim=\"adpr:false;\" data-in=\"o:0;\" data-out=\"a:false;\" data-color=\"header-dark\"  data-p1=\"01.\">\n\t\t\t\t\t\t\t<img decoding=\"async\" src=\"\/\/studioinc.co\/wp-content\/plugins\/revslider\/sr6\/assets\/assets\/dummy.png\" alt=\"\" title=\"1\" width=\"1845\" height=\"1856\" class=\"rev-slidebg tp-rs-img rs-lazyload\" data-lazyload=\"\/\/studioinc.co\/wp-content\/uploads\/2025\/09\/1.png\" data-bg=\"p:30% 50%;\" data-no-retina>\n<!--\n\t\t\t\t\t\t\t--><rs-layer\n\t\t\t\t\t\t\t\tid=\"slider-7-slide-30-layer-2\" \n\t\t\t\t\t\t\t\tdata-type=\"text\"\n\t\t\t\t\t\t\t\tdata-rsp_ch=\"on\"\n\t\t\t\t\t\t\t\tdata-xy=\"xo:109px,35px,35px,30px;yo:384px,390px,390px,230px;\"\n\t\t\t\t\t\t\t\tdata-text=\"s:24,24,24,18;l:28,28,28,18;a:inherit;\"\n\t\t\t\t\t\t\t\tdata-frame_0=\"y:-50px;\"\n\t\t\t\t\t\t\t\tdata-frame_1=\"st:400;sp:500;sR:400;\"\n\t\t\t\t\t\t\t\tdata-frame_999=\"y:-50px;o:0;st:w;sp:500;sR:4100;\"\n\t\t\t\t\t\t\t\tstyle=\"z-index:5;font-family:'Work Sans';\"\n\t\t\t\t\t\t\t>Spaces \n\t\t\t\t\t\t\t<\/rs-layer><!--\n\n\t\t\t\t\t\t\t--><rs-layer\n\t\t\t\t\t\t\t\tid=\"slider-7-slide-30-layer-3\" \n\t\t\t\t\t\t\t\tdata-type=\"text\"\n\t\t\t\t\t\t\t\tdata-rsp_ch=\"on\"\n\t\t\t\t\t\t\t\tdata-xy=\"xo:111px,30px,30px,30px;yo:414px,448px,448px,280px;\"\n\t\t\t\t\t\t\t\tdata-text=\"s:110,84,84,48;l:110,84,84,48;fw:700;a:inherit;\"\n\t\t\t\t\t\t\t\tdata-frame_0=\"x:-50px;\"\n\t\t\t\t\t\t\t\tdata-frame_1=\"st:200;sp:500;sR:200;\"\n\t\t\t\t\t\t\t\tdata-frame_999=\"x:-50px;o:0;st:w;sp:500;sR:4300;\"\n\t\t\t\t\t\t\t\tstyle=\"z-index:6;font-family:'PT Sans';\"\n\t\t\t\t\t\t\t>SPACES \n\t\t\t\t\t\t\t<\/rs-layer><!--\n\n\t\t\t\t\t\t\t--><a\n\t\t\t\t\t\t\t\tid=\"slider-7-slide-30-layer-4\" \n\t\t\t\t\t\t\t\tclass=\"rs-layer\"\n\t\t\t\t\t\t\t\thref=\"http:\/\/studioinc.co\/en\/spaces\" target=\"_self\"\n\t\t\t\t\t\t\t\tdata-type=\"text\"\n\t\t\t\t\t\t\t\tdata-rsp_ch=\"on\"\n\t\t\t\t\t\t\t\tdata-xy=\"xo:115px,35px,35px,30px;yo:530px,650px,650px,495px;\"\n\t\t\t\t\t\t\t\tdata-text=\"s:24,24,24,18;l:28,28,28,18;fw:600;a:inherit;\"\n\t\t\t\t\t\t\t\tdata-frame_0=\"y:50px;\"\n\t\t\t\t\t\t\t\tdata-frame_1=\"st:400;sp:500;sR:400;\"\n\t\t\t\t\t\t\t\tdata-frame_999=\"y:50px;o:0;st:w;sp:500;sR:4100;\"\n\t\t\t\t\t\t\t\tstyle=\"z-index:7;font-family:'Work Sans';\"\n\t\t\t\t\t\t\t>View more <i class=\"icon-chevron-right\" style=\"display: inline-block; transform: translateY(2px);\"><\/i> \n\t\t\t\t\t\t\t<\/a><!--\n\n\t\t\t\t\t\t\t--><rs-layer\n\t\t\t\t\t\t\t\tid=\"slider-7-slide-30-layer-6\" \n\t\t\t\t\t\t\t\tdata-type=\"text\"\n\t\t\t\t\t\t\t\tdata-rsp_ch=\"on\"\n\t\t\t\t\t\t\t\tdata-xy=\"x:r,r,r,l;xo:140px,90px,90px,30px;yo:775px,621px,621px,410px;\"\n\t\t\t\t\t\t\t\tdata-text=\"s:72,64,64,48;l:72,64,64,48;fw:600;a:inherit;\"\n\t\t\t\t\t\t\t\tdata-frame_0=\"x:50px;\"\n\t\t\t\t\t\t\t\tdata-frame_1=\"st:200;sp:500;sR:200;\"\n\t\t\t\t\t\t\t\tdata-frame_999=\"x:50px;o:0;st:w;sp:500;sR:4300;\"\n\t\t\t\t\t\t\t\tstyle=\"z-index:8;font-family:'Work Sans';\"\n\t\t\t\t\t\t\t>03 \n\t\t\t\t\t\t\t<\/rs-layer><!--\n\n\t\t\t\t\t\t\t--><rs-layer\n\t\t\t\t\t\t\t\tid=\"slider-7-slide-30-layer-7\" \n\t\t\t\t\t\t\t\tdata-type=\"text\"\n\t\t\t\t\t\t\t\tdata-rsp_ch=\"on\"\n\t\t\t\t\t\t\t\tdata-xy=\"x:r,r,r,l;xo:105px,60px,60px,90px;yo:775px,620px,620px,410px;\"\n\t\t\t\t\t\t\t\tdata-text=\"s:72,64,64,48;l:72,64,64,48;a:inherit;\"\n\t\t\t\t\t\t\t\tdata-frame_0=\"x:50px;\"\n\t\t\t\t\t\t\t\tdata-frame_1=\"st:200;sp:500;sR:200;\"\n\t\t\t\t\t\t\t\tdata-frame_999=\"x:50px;o:0;st:w;sp:500;sR:4300;\"\n\t\t\t\t\t\t\t\tstyle=\"z-index:9;font-family:'Work Sans';\"\n\t\t\t\t\t\t\t>\/ \n\t\t\t\t\t\t\t<\/rs-layer><!--\n\n\t\t\t\t\t\t\t--><rs-layer\n\t\t\t\t\t\t\t\tid=\"slider-7-slide-30-layer-8\" \n\t\t\t\t\t\t\t\tdata-type=\"text\"\n\t\t\t\t\t\t\t\tdata-rsp_ch=\"on\"\n\t\t\t\t\t\t\t\tdata-xy=\"x:r,r,r,l;xo:66px,25px,25px,110px;yo:785px,628px,628px,418px;\"\n\t\t\t\t\t\t\t\tdata-text=\"s:30,30,30,24;l:30,30,30,24;a:inherit;\"\n\t\t\t\t\t\t\t\tdata-frame_0=\"x:50px;\"\n\t\t\t\t\t\t\t\tdata-frame_1=\"st:200;sp:500;sR:200;\"\n\t\t\t\t\t\t\t\tdata-frame_999=\"x:50px;o:0;st:w;sp:500;sR:4300;\"\n\t\t\t\t\t\t\t\tstyle=\"z-index:10;font-family:'Work Sans';\"\n\t\t\t\t\t\t\t>04 \n\t\t\t\t\t\t\t<\/rs-layer><!--\n-->\t\t\t\t\t<\/rs-slide>\n\t\t\t\t\t\t<rs-slide style=\"position: absolute;\" data-key=\"rs-32\" data-title=\"Divisiones Ba\u00f1o\" data-thumb=\"\/\/studioinc.co\/wp-content\/uploads\/2025\/09\/2-100x50.png\" data-duration=\"5000\" data-anim=\"adpr:false;\" data-in=\"o:0;\" data-out=\"a:false;\" data-color=\"header-dark\"  data-p1=\"01.\">\n\t\t\t\t\t\t\t<img decoding=\"async\" src=\"\/\/studioinc.co\/wp-content\/plugins\/revslider\/sr6\/assets\/assets\/dummy.png\" alt=\"\" title=\"2\" width=\"2500\" height=\"1856\" class=\"rev-slidebg tp-rs-img rs-lazyload\" data-lazyload=\"\/\/studioinc.co\/wp-content\/uploads\/2025\/09\/2.png\" data-bg=\"p:30% 50%;\" data-no-retina>\n<!--\n\t\t\t\t\t\t\t--><rs-layer\n\t\t\t\t\t\t\t\tid=\"slider-7-slide-32-layer-2\" \n\t\t\t\t\t\t\t\tdata-type=\"text\"\n\t\t\t\t\t\t\t\tdata-rsp_ch=\"on\"\n\t\t\t\t\t\t\t\tdata-xy=\"xo:101px,35px,35px,30px;yo:386px,390px,390px,230px;\"\n\t\t\t\t\t\t\t\tdata-text=\"s:24,24,24,18;l:28,28,28,18;a:inherit;\"\n\t\t\t\t\t\t\t\tdata-frame_0=\"y:-50px;\"\n\t\t\t\t\t\t\t\tdata-frame_1=\"st:400;sp:500;sR:400;\"\n\t\t\t\t\t\t\t\tdata-frame_999=\"y:-50px;o:0;st:w;sp:500;sR:4100;\"\n\t\t\t\t\t\t\t\tstyle=\"z-index:5;font-family:'Work Sans';\"\n\t\t\t\t\t\t\t>Project \n\t\t\t\t\t\t\t<\/rs-layer><!--\n\n\t\t\t\t\t\t\t--><rs-layer\n\t\t\t\t\t\t\t\tid=\"slider-7-slide-32-layer-3\" \n\t\t\t\t\t\t\t\tdata-type=\"text\"\n\t\t\t\t\t\t\t\tdata-rsp_ch=\"on\"\n\t\t\t\t\t\t\t\tdata-xy=\"xo:97px,30px,30px,30px;yo:417px,448px,448px,280px;\"\n\t\t\t\t\t\t\t\tdata-text=\"s:110,84,84,48;l:110,84,84,48;fw:700;a:inherit;\"\n\t\t\t\t\t\t\t\tdata-frame_0=\"x:-50px;\"\n\t\t\t\t\t\t\t\tdata-frame_1=\"st:200;sp:500;sR:200;\"\n\t\t\t\t\t\t\t\tdata-frame_999=\"x:-50px;o:0;st:w;sp:500;sR:4300;\"\n\t\t\t\t\t\t\t\tstyle=\"z-index:6;font-family:'PT Sans';\"\n\t\t\t\t\t\t\t>Projects \n\t\t\t\t\t\t\t<\/rs-layer><!--\n\n\t\t\t\t\t\t\t--><a\n\t\t\t\t\t\t\t\tid=\"slider-7-slide-32-layer-4\" \n\t\t\t\t\t\t\t\tclass=\"rs-layer\"\n\t\t\t\t\t\t\t\thref=\"https:\/\/studioinc.co\/en\/projects\/\" target=\"_self\"\n\t\t\t\t\t\t\t\tdata-type=\"text\"\n\t\t\t\t\t\t\t\tdata-rsp_ch=\"on\"\n\t\t\t\t\t\t\t\tdata-xy=\"xo:100px,35px,35px,30px;yo:545px,650px,650px,495px;\"\n\t\t\t\t\t\t\t\tdata-text=\"s:24,24,24,18;l:28,28,28,18;fw:600;a:inherit;\"\n\t\t\t\t\t\t\t\tdata-frame_0=\"y:50px;\"\n\t\t\t\t\t\t\t\tdata-frame_1=\"st:400;sp:500;sR:400;\"\n\t\t\t\t\t\t\t\tdata-frame_999=\"y:50px;o:0;st:w;sp:500;sR:4100;\"\n\t\t\t\t\t\t\t\tstyle=\"z-index:7;font-family:'Work Sans';\"\n\t\t\t\t\t\t\t>View more <i class=\"icon-chevron-right\" style=\"display: inline-block; transform: translateY(2px);\"><\/i> \n\t\t\t\t\t\t\t<\/a><!--\n\n\t\t\t\t\t\t\t--><rs-layer\n\t\t\t\t\t\t\t\tid=\"slider-7-slide-32-layer-6\" \n\t\t\t\t\t\t\t\tdata-type=\"text\"\n\t\t\t\t\t\t\t\tdata-rsp_ch=\"on\"\n\t\t\t\t\t\t\t\tdata-xy=\"x:r,r,r,l;xo:140px,90px,90px,30px;yo:775px,620px,620px,410px;\"\n\t\t\t\t\t\t\t\tdata-text=\"s:72,64,64,48;l:72,64,64,48;fw:600;a:inherit;\"\n\t\t\t\t\t\t\t\tdata-frame_0=\"x:50px;\"\n\t\t\t\t\t\t\t\tdata-frame_1=\"st:200;sp:500;sR:200;\"\n\t\t\t\t\t\t\t\tdata-frame_999=\"x:50px;o:0;st:w;sp:500;sR:4300;\"\n\t\t\t\t\t\t\t\tstyle=\"z-index:8;font-family:'Work Sans';\"\n\t\t\t\t\t\t\t>04 \n\t\t\t\t\t\t\t<\/rs-layer><!--\n\n\t\t\t\t\t\t\t--><rs-layer\n\t\t\t\t\t\t\t\tid=\"slider-7-slide-32-layer-7\" \n\t\t\t\t\t\t\t\tdata-type=\"text\"\n\t\t\t\t\t\t\t\tdata-rsp_ch=\"on\"\n\t\t\t\t\t\t\t\tdata-xy=\"x:r,r,r,l;xo:105px,60px,60px,90px;yo:775px,620px,620px,410px;\"\n\t\t\t\t\t\t\t\tdata-text=\"s:72,64,64,48;l:72,64,64,48;a:inherit;\"\n\t\t\t\t\t\t\t\tdata-frame_0=\"x:50px;\"\n\t\t\t\t\t\t\t\tdata-frame_1=\"st:200;sp:500;sR:200;\"\n\t\t\t\t\t\t\t\tdata-frame_999=\"x:50px;o:0;st:w;sp:500;sR:4300;\"\n\t\t\t\t\t\t\t\tstyle=\"z-index:9;font-family:'Work Sans';\"\n\t\t\t\t\t\t\t>\/ \n\t\t\t\t\t\t\t<\/rs-layer><!--\n\n\t\t\t\t\t\t\t--><rs-layer\n\t\t\t\t\t\t\t\tid=\"slider-7-slide-32-layer-8\" \n\t\t\t\t\t\t\t\tdata-type=\"text\"\n\t\t\t\t\t\t\t\tdata-rsp_ch=\"on\"\n\t\t\t\t\t\t\t\tdata-xy=\"x:r,r,r,l;xo:66px,25px,25px,110px;yo:785px,628px,628px,418px;\"\n\t\t\t\t\t\t\t\tdata-text=\"s:30,30,30,24;l:30,30,30,24;a:inherit;\"\n\t\t\t\t\t\t\t\tdata-frame_0=\"x:50px;\"\n\t\t\t\t\t\t\t\tdata-frame_1=\"st:200;sp:500;sR:200;\"\n\t\t\t\t\t\t\t\tdata-frame_999=\"x:50px;o:0;st:w;sp:500;sR:4300;\"\n\t\t\t\t\t\t\t\tstyle=\"z-index:10;font-family:'Work Sans';\"\n\t\t\t\t\t\t\t>04 \n\t\t\t\t\t\t\t<\/rs-layer><!--\n-->\t\t\t\t\t<\/rs-slide>\n\t\t\t\t\t<\/rs-slides>\n\t\t\t\t<\/rs-module>\n\t\t\t\t<script>\n\t\t\t\t\tsetREVStartSize({c: 'rev_slider_7_1',rl:[1240,1024,1024,480],el:[1000,768,768,720],gw:[1920,1024,1024,480],gh:[1000,768,768,720],type:'standard',justify:'',layout:'fullscreen',offsetContainer:'',offset:'',mh:\"0\"});if (window.RS_MODULES!==undefined && window.RS_MODULES.modules!==undefined && window.RS_MODULES.modules[\"revslider71\"]!==undefined) {window.RS_MODULES.modules[\"revslider71\"].once = false;window.revapi7 = undefined;if (window.RS_MODULES.checkMinimal!==undefined) window.RS_MODULES.checkMinimal()}\n\t\t\t\t<\/script>\n\t\t\t<\/rs-module-wrap>\n\t\t\t<!-- END REVOLUTION SLIDER -->\n<\/div>\n\t<div class=\"wpb_raw_code wpb_raw_html wpb_content_element\" >\n\t\t<div class=\"wpb_wrapper\">\n\t\t\t<script>\n  jQuery('body').removeClass('header-light header-dark').addClass('header-light');\n<\/script>\n\t\t<\/div>\n\t<\/div>\n<\/div><\/div><\/div><\/div><\/div><\/div><div class=\"vc_row-full-width vc_clearfix\"><\/div>\n<\/div>","protected":false},"excerpt":{"rendered":"Furniture PRODUCT View more 02 \/ 04 Spaces SPACES View more 03 \/ 04 Project Projects View more 04 \/ 04","protected":false},"author":1,"featured_media":0,"parent":0,"menu_order":0,"comment_status":"closed","ping_status":"closed","template":"template-homepage.php","meta":{"_joinchat":[],"footnotes":""},"class_list":["post-2458","page","type-page","status-publish","hentry","no-thumb"],"yoast_head":"<!-- This site is optimized with the Yoast SEO plugin v27.2 - https:\/\/yoast.com\/product\/yoast-seo-wordpress\/ -->\n<title>Home &#8226; Studio Inc - Design For Living | Dise\u00f1o - Mobiliario<\/title>\n<meta name=\"robots\" content=\"index, follow, max-snippet:-1, max-image-preview:large, max-video-preview:-1\" \/>\n<link rel=\"canonical\" href=\"https:\/\/studioinc.co\/en\/\" \/>\n<meta property=\"og:locale\" content=\"en_US\" \/>\n<meta property=\"og:type\" content=\"article\" \/>\n<meta property=\"og:title\" content=\"Home &#8226; Studio Inc - Design For Living | Dise\u00f1o - Mobiliario\" \/>\n<meta property=\"og:url\" content=\"https:\/\/studioinc.co\/en\/\" \/>\n<meta property=\"og:site_name\" content=\"Studio Inc - Design For Living | Dise\u00f1o - Mobiliario\" \/>\n<meta property=\"article:publisher\" content=\"https:\/\/www.facebook.com\/StudioInc.Co\/\" \/>\n<meta property=\"article:modified_time\" content=\"2025-08-29T20:04:12+00:00\" \/>\n<meta property=\"og:image\" content=\"https:\/\/studioinc.co\/wp-content\/uploads\/2026\/02\/LOGO_STUDIO_MARCA.jpg\" \/>\n\t<meta property=\"og:image:width\" content=\"2401\" \/>\n\t<meta property=\"og:image:height\" content=\"1351\" \/>\n\t<meta property=\"og:image:type\" content=\"image\/jpeg\" \/>\n<meta name=\"twitter:card\" content=\"summary_large_image\" \/>\n<meta name=\"twitter:site\" content=\"@StudioInc1\" \/>\n<meta name=\"twitter:label1\" content=\"Est. reading time\" \/>\n\t<meta name=\"twitter:data1\" content=\"1 minute\" \/>\n<script type=\"application\/ld+json\" class=\"yoast-schema-graph\">{\"@context\":\"https:\/\/schema.org\",\"@graph\":[{\"@type\":\"WebPage\",\"@id\":\"https:\/\/studioinc.co\/en\/\",\"url\":\"https:\/\/studioinc.co\/en\/\",\"name\":\"Home &#8226; Studio Inc - Design For Living | Dise\u00f1o - Mobiliario\",\"isPartOf\":{\"@id\":\"https:\/\/studioinc.co\/en\/#website\"},\"datePublished\":\"2018-10-22T12:27:08+00:00\",\"dateModified\":\"2025-08-29T20:04:12+00:00\",\"breadcrumb\":{\"@id\":\"https:\/\/studioinc.co\/en\/#breadcrumb\"},\"inLanguage\":\"en-US\",\"potentialAction\":[{\"@type\":\"ReadAction\",\"target\":[\"https:\/\/studioinc.co\/en\/\"]}]},{\"@type\":\"BreadcrumbList\",\"@id\":\"https:\/\/studioinc.co\/en\/#breadcrumb\",\"itemListElement\":[]},{\"@type\":\"WebSite\",\"@id\":\"https:\/\/studioinc.co\/en\/#website\",\"url\":\"https:\/\/studioinc.co\/en\/\",\"name\":\"Studio Inc - Design For Living | Dise\u00f1o - Mobiliario\",\"description\":\"Dise\u00f1o y mobiliario para espacios arquitect\u00f3nicos \u00fanicos.\",\"publisher\":{\"@id\":\"https:\/\/studioinc.co\/en\/#organization\"},\"potentialAction\":[{\"@type\":\"SearchAction\",\"target\":{\"@type\":\"EntryPoint\",\"urlTemplate\":\"https:\/\/studioinc.co\/en\/?s={search_term_string}\"},\"query-input\":{\"@type\":\"PropertyValueSpecification\",\"valueRequired\":true,\"valueName\":\"search_term_string\"}}],\"inLanguage\":\"en-US\"},{\"@type\":\"Organization\",\"@id\":\"https:\/\/studioinc.co\/en\/#organization\",\"name\":\"Studio Inc - Design For Living | Dise\u00f1o - Mobiliario\",\"url\":\"https:\/\/studioinc.co\/en\/\",\"logo\":{\"@type\":\"ImageObject\",\"inLanguage\":\"en-US\",\"@id\":\"https:\/\/studioinc.co\/en\/#\/schema\/logo\/image\/\",\"url\":\"https:\/\/studioinc.co\/wp-content\/uploads\/2025\/11\/Studio_Inc.png\",\"contentUrl\":\"https:\/\/studioinc.co\/wp-content\/uploads\/2025\/11\/Studio_Inc.png\",\"width\":512,\"height\":512,\"caption\":\"Studio Inc - Design For Living | Dise\u00f1o - Mobiliario\"},\"image\":{\"@id\":\"https:\/\/studioinc.co\/en\/#\/schema\/logo\/image\/\"},\"sameAs\":[\"https:\/\/www.facebook.com\/StudioInc.Co\/\",\"https:\/\/x.com\/StudioInc1\",\"https:\/\/www.instagram.com\/studioinc.design\/\"]}]}<\/script>\n<!-- \/ Yoast SEO plugin. -->","yoast_head_json":{"title":"Home &#8226; Studio Inc - Design For Living | Dise\u00f1o - Mobiliario","robots":{"index":"index","follow":"follow","max-snippet":"max-snippet:-1","max-image-preview":"max-image-preview:large","max-video-preview":"max-video-preview:-1"},"canonical":"https:\/\/studioinc.co\/en\/","og_locale":"en_US","og_type":"article","og_title":"Home &#8226; Studio Inc - Design For Living | Dise\u00f1o - Mobiliario","og_url":"https:\/\/studioinc.co\/en\/","og_site_name":"Studio Inc - Design For Living | Dise\u00f1o - Mobiliario","article_publisher":"https:\/\/www.facebook.com\/StudioInc.Co\/","article_modified_time":"2025-08-29T20:04:12+00:00","og_image":[{"width":2401,"height":1351,"url":"https:\/\/studioinc.co\/wp-content\/uploads\/2026\/02\/LOGO_STUDIO_MARCA.jpg","type":"image\/jpeg"}],"twitter_card":"summary_large_image","twitter_site":"@StudioInc1","twitter_misc":{"Est. reading time":"1 minute"},"schema":{"@context":"https:\/\/schema.org","@graph":[{"@type":"WebPage","@id":"https:\/\/studioinc.co\/en\/","url":"https:\/\/studioinc.co\/en\/","name":"Home &#8226; Studio Inc - Design For Living | Dise\u00f1o - Mobiliario","isPartOf":{"@id":"https:\/\/studioinc.co\/en\/#website"},"datePublished":"2018-10-22T12:27:08+00:00","dateModified":"2025-08-29T20:04:12+00:00","breadcrumb":{"@id":"https:\/\/studioinc.co\/en\/#breadcrumb"},"inLanguage":"en-US","potentialAction":[{"@type":"ReadAction","target":["https:\/\/studioinc.co\/en\/"]}]},{"@type":"BreadcrumbList","@id":"https:\/\/studioinc.co\/en\/#breadcrumb","itemListElement":[]},{"@type":"WebSite","@id":"https:\/\/studioinc.co\/en\/#website","url":"https:\/\/studioinc.co\/en\/","name":"Studio Inc - Design For Living | Dise\u00f1o - Mobiliario","description":"Dise\u00f1o y mobiliario para espacios arquitect\u00f3nicos \u00fanicos.","publisher":{"@id":"https:\/\/studioinc.co\/en\/#organization"},"potentialAction":[{"@type":"SearchAction","target":{"@type":"EntryPoint","urlTemplate":"https:\/\/studioinc.co\/en\/?s={search_term_string}"},"query-input":{"@type":"PropertyValueSpecification","valueRequired":true,"valueName":"search_term_string"}}],"inLanguage":"en-US"},{"@type":"Organization","@id":"https:\/\/studioinc.co\/en\/#organization","name":"Studio Inc - Design For Living | Dise\u00f1o - Mobiliario","url":"https:\/\/studioinc.co\/en\/","logo":{"@type":"ImageObject","inLanguage":"en-US","@id":"https:\/\/studioinc.co\/en\/#\/schema\/logo\/image\/","url":"https:\/\/studioinc.co\/wp-content\/uploads\/2025\/11\/Studio_Inc.png","contentUrl":"https:\/\/studioinc.co\/wp-content\/uploads\/2025\/11\/Studio_Inc.png","width":512,"height":512,"caption":"Studio Inc - Design For Living | Dise\u00f1o - Mobiliario"},"image":{"@id":"https:\/\/studioinc.co\/en\/#\/schema\/logo\/image\/"},"sameAs":["https:\/\/www.facebook.com\/StudioInc.Co\/","https:\/\/x.com\/StudioInc1","https:\/\/www.instagram.com\/studioinc.design\/"]}]}},"_links":{"self":[{"href":"https:\/\/studioinc.co\/en\/wp-json\/wp\/v2\/pages\/2458","targetHints":{"allow":["GET"]}}],"collection":[{"href":"https:\/\/studioinc.co\/en\/wp-json\/wp\/v2\/pages"}],"about":[{"href":"https:\/\/studioinc.co\/en\/wp-json\/wp\/v2\/types\/page"}],"author":[{"embeddable":true,"href":"https:\/\/studioinc.co\/en\/wp-json\/wp\/v2\/users\/1"}],"replies":[{"embeddable":true,"href":"https:\/\/studioinc.co\/en\/wp-json\/wp\/v2\/comments?post=2458"}],"version-history":[{"count":3,"href":"https:\/\/studioinc.co\/en\/wp-json\/wp\/v2\/pages\/2458\/revisions"}],"predecessor-version":[{"id":3357,"href":"https:\/\/studioinc.co\/en\/wp-json\/wp\/v2\/pages\/2458\/revisions\/3357"}],"wp:attachment":[{"href":"https:\/\/studioinc.co\/en\/wp-json\/wp\/v2\/media?parent=2458"}],"curies":[{"name":"wp","href":"https:\/\/api.w.org\/{rel}","templated":true}]}}