{"id":2751,"date":"2018-10-26T20:02:32","date_gmt":"2018-10-27T01:02:32","guid":{"rendered":"http:\/\/studioinc.co\/?page_id=2751"},"modified":"2025-08-26T01:54:24","modified_gmt":"2025-08-26T06:54:24","slug":"about-us","status":"publish","type":"page","link":"https:\/\/studioinc.co\/en\/about-us\/","title":{"rendered":"About Us"},"content":{"rendered":"<div class=\"wpb-content-wrapper\"><div class=\"vc_row wpb_row vc_row-fluid\"><div class=\"container\"><div class=\"row\"><div class=\"wpb_column vc_column_container vc_col-sm-12 vc_col-lg-offset-2 vc_col-lg-8 vc_col-md-offset-2 vc_col-md-8\"><div class=\"vc_column-inner\"><div class=\"wpb_wrapper\"><div class=\"ba-empty-space\" style=\"\"><div class=\"ba_empty_space_lg\"  style=\"height: 100px\"><\/div><div class=\"ba_empty_space_md\"  style=\"height: 100px\"><\/div><div class=\"ba_empty_space_xs\"  style=\"height: 100px\"><\/div><\/div>\n\t<div  class=\"wpb_single_image wpb_content_element vc_align_center wpb_content_element\">\n\t\t\n\t\t<figure class=\"wpb_wrapper vc_figure\">\n\t\t\t<div class=\"vc_single_image-wrapper   vc_box_border_grey\"><img decoding=\"async\" class=\"vc_single_image-img\" src=\"https:\/\/studioinc.co\/wp-content\/uploads\/2018\/10\/logo-studio-inc-full-450x90.png\" width=\"450\" height=\"90\" alt=\"logo-studio-inc-full\" title=\"logo-studio-inc-full\" loading=\"lazy\" \/><\/div>\n\t\t<\/figure>\n\t<\/div>\n<div class=\"ba-empty-space\" style=\"\"><div class=\"ba_empty_space_lg\"  style=\"height: 100px\"><\/div><div class=\"ba_empty_space_md\"  style=\"height: 100px\"><\/div><div class=\"ba_empty_space_xs\"  style=\"height: 100px\"><\/div><\/div>\n\t<div class=\"wpb_text_column wpb_content_element\" >\n\t\t<div class=\"wpb_wrapper\">\n\t\t\t<p style=\"text-align: center;\">STUDIO INC. is a design company that merges art and industrial design to create standout pieces, where innovation, passion, and functionality are values that have positioned the brand in the furniture, product, and accessory market.<\/p>\n<p style=\"text-align: center;\">The hand made manufacturing combined with the industrial processes of each of our designs creates a product line with the DNA of the hotels, restaurants, and offices we have worked with.<\/p>\n<p style=\"text-align: center;\">Some of the most outstading leading architecture firms of Colombia have invited us to participate in various residential and commercial projects, as well as some of the major hotels such as the Grand Hyatt, Hotel La Fontana, Estelar Hotels, Hotel EK, Hotel Radisson, Holiday Inn, Club el Nogal, among others.<\/p>\n\n\t\t<\/div>\n\t<\/div>\n\n\t<div class=\"wpb_text_column wpb_content_element\" >\n\t\t<div class=\"wpb_wrapper\">\n\t\t\t<h2 style=\"text-align: center;\"><img loading=\"lazy\" decoding=\"async\" class=\"aligncenter size-medium wp-image-3169\" src=\"http:\/\/studioinc.co\/wp-content\/uploads\/2024\/05\/LEO-1-230x300.jpg\" alt=\"\" width=\"230\" height=\"300\" srcset=\"https:\/\/studioinc.co\/wp-content\/uploads\/2024\/05\/LEO-1-230x300.jpg 230w, https:\/\/studioinc.co\/wp-content\/uploads\/2024\/05\/LEO-1-787x1024.jpg 787w, https:\/\/studioinc.co\/wp-content\/uploads\/2024\/05\/LEO-1-768x1000.jpg 768w, https:\/\/studioinc.co\/wp-content\/uploads\/2024\/05\/LEO-1.jpg 1080w\" sizes=\"auto, (max-width: 230px) 100vw, 230px\" \/><\/h2>\n<h2 style=\"text-align: center;\">LEONARDO BELLO<\/h2>\n<p style=\"text-align: center;\">Leonardo Bello is an Industrial Designer graduated from Universidad Jorge Tadeo Lozano, with additional academic studies at the Pratt Institute and the School of Visual Arts in New York.<\/p>\n<p style=\"text-align: center;\">In 2014, he founded the design and manufacturing firm STUDIO INC, exploring various hand made and industrial processes in product manufacturing. This has allowed him to create unique and representative pieces of furniture and interior accessories, leading STUDIO INC to be considered one of the best alternatives for high-quality products in the hotel and residential market.<\/p>\n\n\t\t<\/div>\n\t<\/div>\n<div class=\"ba-empty-space\" style=\"\"><div class=\"ba_empty_space_lg\"  style=\"height: 150px\"><\/div><div class=\"ba_empty_space_md\"  style=\"height: 100px\"><\/div><div class=\"ba_empty_space_xs\"  style=\"height: 80px\"><\/div><\/div><\/div><\/div><\/div><\/div><\/div><\/div>\n<\/div>","protected":false},"excerpt":{"rendered":"STUDIO INC. is a design company that merges art and industrial design to create standout pieces, where innovation, passion, and functionality are values that have positioned the brand in the furniture, product, and accessory market. The hand made manufacturing combined with the industrial processes of each of our designs creates a product line with the [...]","protected":false},"author":1,"featured_media":0,"parent":0,"menu_order":0,"comment_status":"closed","ping_status":"closed","template":"","meta":{"_joinchat":[],"footnotes":""},"class_list":["post-2751","page","type-page","status-publish","hentry","no-thumb"],"yoast_head":"<!-- This site is optimized with the Yoast SEO plugin v27.2 - https:\/\/yoast.com\/product\/yoast-seo-wordpress\/ -->\n<title>Our &quot;Design For Living&quot; Philosophy | Studio Inc<\/title>\n<meta name=\"description\" content=\"At Studio Inc. we create pieces where innovation, passion, and functionality are the core values. Learn the philosophy behind our designs.\" \/>\n<meta name=\"robots\" content=\"index, follow, max-snippet:-1, max-image-preview:large, max-video-preview:-1\" \/>\n<link rel=\"canonical\" href=\"https:\/\/studioinc.co\/en\/about-us\/\" \/>\n<meta property=\"og:locale\" content=\"en_US\" \/>\n<meta property=\"og:type\" content=\"article\" \/>\n<meta property=\"og:title\" content=\"Our &quot;Design For Living&quot; Philosophy | Studio Inc\" \/>\n<meta property=\"og:description\" content=\"At Studio Inc. we create pieces where innovation, passion, and functionality are the core values. Learn the philosophy behind our designs.\" \/>\n<meta property=\"og:url\" content=\"https:\/\/studioinc.co\/en\/about-us\/\" \/>\n<meta property=\"og:site_name\" content=\"Studio Inc - Design For Living | Dise\u00f1o - Mobiliario\" \/>\n<meta property=\"article:publisher\" content=\"https:\/\/www.facebook.com\/StudioInc.Co\/\" \/>\n<meta property=\"article:modified_time\" content=\"2025-08-26T06:54:24+00:00\" \/>\n<meta property=\"og:image\" content=\"http:\/\/studioinc.co\/wp-content\/uploads\/2024\/05\/LEO-1-230x300.jpg\" \/>\n<meta name=\"twitter:card\" content=\"summary_large_image\" \/>\n<meta name=\"twitter:site\" content=\"@StudioInc1\" \/>\n<meta name=\"twitter:label1\" content=\"Est. reading time\" \/>\n\t<meta name=\"twitter:data1\" content=\"2 minutes\" \/>\n<script type=\"application\/ld+json\" class=\"yoast-schema-graph\">{\"@context\":\"https:\/\/schema.org\",\"@graph\":[{\"@type\":\"WebPage\",\"@id\":\"https:\/\/studioinc.co\/en\/about-us\/\",\"url\":\"https:\/\/studioinc.co\/en\/about-us\/\",\"name\":\"Our \\\"Design For Living\\\" Philosophy | Studio Inc\",\"isPartOf\":{\"@id\":\"https:\/\/studioinc.co\/en\/#website\"},\"primaryImageOfPage\":{\"@id\":\"https:\/\/studioinc.co\/en\/about-us\/#primaryimage\"},\"image\":{\"@id\":\"https:\/\/studioinc.co\/en\/about-us\/#primaryimage\"},\"thumbnailUrl\":\"http:\/\/studioinc.co\/wp-content\/uploads\/2024\/05\/LEO-1-230x300.jpg\",\"datePublished\":\"2018-10-27T01:02:32+00:00\",\"dateModified\":\"2025-08-26T06:54:24+00:00\",\"description\":\"At Studio Inc. we create pieces where innovation, passion, and functionality are the core values. Learn the philosophy behind our designs.\",\"inLanguage\":\"en-US\",\"potentialAction\":[{\"@type\":\"ReadAction\",\"target\":[\"https:\/\/studioinc.co\/en\/about-us\/\"]}]},{\"@type\":\"ImageObject\",\"inLanguage\":\"en-US\",\"@id\":\"https:\/\/studioinc.co\/en\/about-us\/#primaryimage\",\"url\":\"http:\/\/studioinc.co\/wp-content\/uploads\/2024\/05\/LEO-1-230x300.jpg\",\"contentUrl\":\"http:\/\/studioinc.co\/wp-content\/uploads\/2024\/05\/LEO-1-230x300.jpg\"},{\"@type\":\"WebSite\",\"@id\":\"https:\/\/studioinc.co\/en\/#website\",\"url\":\"https:\/\/studioinc.co\/en\/\",\"name\":\"Studio Inc - Design For Living | Dise\u00f1o - Mobiliario\",\"description\":\"Dise\u00f1o y mobiliario para espacios arquitect\u00f3nicos \u00fanicos.\",\"publisher\":{\"@id\":\"https:\/\/studioinc.co\/en\/#organization\"},\"potentialAction\":[{\"@type\":\"SearchAction\",\"target\":{\"@type\":\"EntryPoint\",\"urlTemplate\":\"https:\/\/studioinc.co\/en\/?s={search_term_string}\"},\"query-input\":{\"@type\":\"PropertyValueSpecification\",\"valueRequired\":true,\"valueName\":\"search_term_string\"}}],\"inLanguage\":\"en-US\"},{\"@type\":\"Organization\",\"@id\":\"https:\/\/studioinc.co\/en\/#organization\",\"name\":\"Studio Inc - Design For Living | Dise\u00f1o - Mobiliario\",\"url\":\"https:\/\/studioinc.co\/en\/\",\"logo\":{\"@type\":\"ImageObject\",\"inLanguage\":\"en-US\",\"@id\":\"https:\/\/studioinc.co\/en\/#\/schema\/logo\/image\/\",\"url\":\"https:\/\/studioinc.co\/wp-content\/uploads\/2025\/11\/Studio_Inc.png\",\"contentUrl\":\"https:\/\/studioinc.co\/wp-content\/uploads\/2025\/11\/Studio_Inc.png\",\"width\":512,\"height\":512,\"caption\":\"Studio Inc - Design For Living | Dise\u00f1o - Mobiliario\"},\"image\":{\"@id\":\"https:\/\/studioinc.co\/en\/#\/schema\/logo\/image\/\"},\"sameAs\":[\"https:\/\/www.facebook.com\/StudioInc.Co\/\",\"https:\/\/x.com\/StudioInc1\",\"https:\/\/www.instagram.com\/studioinc.design\/\"]}]}<\/script>\n<!-- \/ Yoast SEO plugin. -->","yoast_head_json":{"title":"Our \"Design For Living\" Philosophy | Studio Inc","description":"At Studio Inc. we create pieces where innovation, passion, and functionality are the core values. Learn the philosophy behind our designs.","robots":{"index":"index","follow":"follow","max-snippet":"max-snippet:-1","max-image-preview":"max-image-preview:large","max-video-preview":"max-video-preview:-1"},"canonical":"https:\/\/studioinc.co\/en\/about-us\/","og_locale":"en_US","og_type":"article","og_title":"Our \"Design For Living\" Philosophy | Studio Inc","og_description":"At Studio Inc. we create pieces where innovation, passion, and functionality are the core values. Learn the philosophy behind our designs.","og_url":"https:\/\/studioinc.co\/en\/about-us\/","og_site_name":"Studio Inc - Design For Living | Dise\u00f1o - Mobiliario","article_publisher":"https:\/\/www.facebook.com\/StudioInc.Co\/","article_modified_time":"2025-08-26T06:54:24+00:00","og_image":[{"url":"http:\/\/studioinc.co\/wp-content\/uploads\/2024\/05\/LEO-1-230x300.jpg","type":"","width":"","height":""}],"twitter_card":"summary_large_image","twitter_site":"@StudioInc1","twitter_misc":{"Est. reading time":"2 minutes"},"schema":{"@context":"https:\/\/schema.org","@graph":[{"@type":"WebPage","@id":"https:\/\/studioinc.co\/en\/about-us\/","url":"https:\/\/studioinc.co\/en\/about-us\/","name":"Our \"Design For Living\" Philosophy | Studio Inc","isPartOf":{"@id":"https:\/\/studioinc.co\/en\/#website"},"primaryImageOfPage":{"@id":"https:\/\/studioinc.co\/en\/about-us\/#primaryimage"},"image":{"@id":"https:\/\/studioinc.co\/en\/about-us\/#primaryimage"},"thumbnailUrl":"http:\/\/studioinc.co\/wp-content\/uploads\/2024\/05\/LEO-1-230x300.jpg","datePublished":"2018-10-27T01:02:32+00:00","dateModified":"2025-08-26T06:54:24+00:00","description":"At Studio Inc. we create pieces where innovation, passion, and functionality are the core values. Learn the philosophy behind our designs.","inLanguage":"en-US","potentialAction":[{"@type":"ReadAction","target":["https:\/\/studioinc.co\/en\/about-us\/"]}]},{"@type":"ImageObject","inLanguage":"en-US","@id":"https:\/\/studioinc.co\/en\/about-us\/#primaryimage","url":"http:\/\/studioinc.co\/wp-content\/uploads\/2024\/05\/LEO-1-230x300.jpg","contentUrl":"http:\/\/studioinc.co\/wp-content\/uploads\/2024\/05\/LEO-1-230x300.jpg"},{"@type":"WebSite","@id":"https:\/\/studioinc.co\/en\/#website","url":"https:\/\/studioinc.co\/en\/","name":"Studio Inc - Design For Living | Dise\u00f1o - Mobiliario","description":"Dise\u00f1o y mobiliario para espacios arquitect\u00f3nicos \u00fanicos.","publisher":{"@id":"https:\/\/studioinc.co\/en\/#organization"},"potentialAction":[{"@type":"SearchAction","target":{"@type":"EntryPoint","urlTemplate":"https:\/\/studioinc.co\/en\/?s={search_term_string}"},"query-input":{"@type":"PropertyValueSpecification","valueRequired":true,"valueName":"search_term_string"}}],"inLanguage":"en-US"},{"@type":"Organization","@id":"https:\/\/studioinc.co\/en\/#organization","name":"Studio Inc - Design For Living | Dise\u00f1o - Mobiliario","url":"https:\/\/studioinc.co\/en\/","logo":{"@type":"ImageObject","inLanguage":"en-US","@id":"https:\/\/studioinc.co\/en\/#\/schema\/logo\/image\/","url":"https:\/\/studioinc.co\/wp-content\/uploads\/2025\/11\/Studio_Inc.png","contentUrl":"https:\/\/studioinc.co\/wp-content\/uploads\/2025\/11\/Studio_Inc.png","width":512,"height":512,"caption":"Studio Inc - Design For Living | Dise\u00f1o - Mobiliario"},"image":{"@id":"https:\/\/studioinc.co\/en\/#\/schema\/logo\/image\/"},"sameAs":["https:\/\/www.facebook.com\/StudioInc.Co\/","https:\/\/x.com\/StudioInc1","https:\/\/www.instagram.com\/studioinc.design\/"]}]}},"_links":{"self":[{"href":"https:\/\/studioinc.co\/en\/wp-json\/wp\/v2\/pages\/2751","targetHints":{"allow":["GET"]}}],"collection":[{"href":"https:\/\/studioinc.co\/en\/wp-json\/wp\/v2\/pages"}],"about":[{"href":"https:\/\/studioinc.co\/en\/wp-json\/wp\/v2\/types\/page"}],"author":[{"embeddable":true,"href":"https:\/\/studioinc.co\/en\/wp-json\/wp\/v2\/users\/1"}],"replies":[{"embeddable":true,"href":"https:\/\/studioinc.co\/en\/wp-json\/wp\/v2\/comments?post=2751"}],"version-history":[{"count":1,"href":"https:\/\/studioinc.co\/en\/wp-json\/wp\/v2\/pages\/2751\/revisions"}],"predecessor-version":[{"id":3350,"href":"https:\/\/studioinc.co\/en\/wp-json\/wp\/v2\/pages\/2751\/revisions\/3350"}],"wp:attachment":[{"href":"https:\/\/studioinc.co\/en\/wp-json\/wp\/v2\/media?parent=2751"}],"curies":[{"name":"wp","href":"https:\/\/api.w.org\/{rel}","templated":true}]}}